{"id":15825,"date":"2023-06-27T17:25:34","date_gmt":"2023-06-27T15:25:34","guid":{"rendered":"https:\/\/www.willeasy.net\/project\/?page_id=15825"},"modified":"2026-02-14T11:57:17","modified_gmt":"2026-02-14T10:57:17","slug":"visita-lisbona","status":"publish","type":"page","link":"https:\/\/www.willeasy.net\/project\/progetto-lisbona\/visita-lisbona\/","title":{"rendered":"Visita Lisbona"},"content":{"rendered":"\t\t<div data-elementor-type=\"wp-page\" data-elementor-id=\"15825\" class=\"elementor elementor-15825\" data-elementor-post-type=\"page\">\n\t\t\t\t\t\t<section class=\"elementor-section elementor-top-section elementor-element elementor-element-b7c4b17 elementor-section-height-min-height elementor-section-full_width elementor-section-stretched elementor-section-height-default elementor-section-items-middle\" data-id=\"b7c4b17\" data-element_type=\"section\" data-settings=\"{&quot;background_background&quot;:&quot;classic&quot;,&quot;stretch_section&quot;:&quot;section-stretched&quot;}\">\n\t\t\t\t\t\t<div class=\"elementor-container elementor-column-gap-default\">\n\t\t\t\t\t<div class=\"elementor-column elementor-col-100 elementor-top-column elementor-element elementor-element-412c6eb\" data-id=\"412c6eb\" data-element_type=\"column\">\n\t\t\t<div class=\"elementor-widget-wrap\">\n\t\t\t\t\t\t\t<\/div>\n\t\t<\/div>\n\t\t\t\t\t<\/div>\n\t\t<\/section>\n\t\t\t\t<section class=\"elementor-section elementor-top-section elementor-element elementor-element-e112f6c elementor-section-content-middle elementor-section-stretched elementor-section-boxed elementor-section-height-default elementor-section-height-default\" data-id=\"e112f6c\" data-element_type=\"section\" data-settings=\"{&quot;background_background&quot;:&quot;classic&quot;,&quot;stretch_section&quot;:&quot;section-stretched&quot;}\">\n\t\t\t\t\t\t<div class=\"elementor-container elementor-column-gap-no\">\n\t\t\t\t\t<div class=\"elementor-column elementor-col-100 elementor-top-column elementor-element elementor-element-5ce8801\" data-id=\"5ce8801\" data-element_type=\"column\">\n\t\t\t<div class=\"elementor-widget-wrap elementor-element-populated\">\n\t\t\t\t\t\t<div class=\"elementor-element elementor-element-0e79db6 elementor-widget elementor-widget-heading\" data-id=\"0e79db6\" data-element_type=\"widget\" data-widget_type=\"heading.default\">\n\t\t\t\t<div class=\"elementor-widget-container\">\n\t\t\t<h1 class=\"elementor-heading-title elementor-size-default\">Lisbona tra storia e modernit\u00e0<\/h1>\t\t<\/div>\n\t\t\t\t<\/div>\n\t\t\t\t<div class=\"elementor-element elementor-element-7c973c5 elementor-widget elementor-widget-text-editor\" data-id=\"7c973c5\" data-element_type=\"widget\" data-widget_type=\"text-editor.default\">\n\t\t\t\t<div class=\"elementor-widget-container\">\n\t\t\t\t\t\t\t<div><div><p>Lisbona \u00e8 una citt\u00e0 affascinante, caratterizzata da una <b>miscela unica di storia, cultura e modernit\u00e0.<\/b><\/p><p>\u00c8 una delle citt\u00e0 pi\u00f9 antiche d&#8217;Europa, con una storia che risale a pi\u00f9 di 2000 anni fa ed \u00e8 famosa per la sua architettura moresca, i suoi magnifici monasteri, chiese e castelli, nonch\u00e9 per le sue strade acciottolate e i suoi pittoreschi quartieri.<\/p><\/div><div>Ma Lisbona \u00e8 anche una citt\u00e0 moderna, con una vivace scena culturale, musicale e artistica.\u00a0<\/div><div><p>\u00c8 famosa per la sua cucina deliziosa, che combina sapori mediterranei con influenze africane e sudamericane.\u00a0<\/p><\/div><div>\u00c8 una citt\u00e0 che offre molto ai visitatori, con una combinazione unica di storia, cultura, arte, architettura e gastronomia.\u00a0<\/div><div><b>Negli ultimi anni sta puntando molto sul turismo inclusivo ma, a causa anche della sua conformazione geografica, il lavoro da fare \u00e8 ancora grande&#8230;<\/b><\/div><\/div><div>\u00a0<\/div>\t\t\t\t\t\t<\/div>\n\t\t\t\t<\/div>\n\t\t\t\t\t<\/div>\n\t\t<\/div>\n\t\t\t\t\t<\/div>\n\t\t<\/section>\n\t\t\t\t<section class=\"elementor-section elementor-top-section elementor-element elementor-element-55484c3 elementor-section-content-middle elementor-section-stretched elementor-section-boxed elementor-section-height-default elementor-section-height-default\" data-id=\"55484c3\" data-element_type=\"section\" data-settings=\"{&quot;background_background&quot;:&quot;classic&quot;,&quot;stretch_section&quot;:&quot;section-stretched&quot;}\">\n\t\t\t\t\t\t<div class=\"elementor-container elementor-column-gap-no\">\n\t\t\t\t\t<div class=\"elementor-column elementor-col-50 elementor-top-column elementor-element elementor-element-f51705d\" data-id=\"f51705d\" data-element_type=\"column\">\n\t\t\t<div class=\"elementor-widget-wrap elementor-element-populated\">\n\t\t\t\t\t\t<div class=\"elementor-element elementor-element-b6d3c22 elementor-widget elementor-widget-heading\" data-id=\"b6d3c22\" data-element_type=\"widget\" data-widget_type=\"heading.default\">\n\t\t\t\t<div class=\"elementor-widget-container\">\n\t\t\t<h1 class=\"elementor-heading-title elementor-size-default\">Accessibilit\u00e0 a Lisbona<\/h1>\t\t<\/div>\n\t\t\t\t<\/div>\n\t\t\t\t<div class=\"elementor-element elementor-element-543c0a2 elementor-widget elementor-widget-text-editor\" data-id=\"543c0a2\" data-element_type=\"widget\" data-widget_type=\"text-editor.default\">\n\t\t\t\t<div class=\"elementor-widget-container\">\n\t\t\t\t\t\t\t<div>Lisbona \u00e8 una citt\u00e0 in cui si riscontrano molte difficolt\u00e0 per quanto riguarda la fruizione dei maggiori siti storici, culturali e ricreativi.<p>Grazie anche al lavoro di <b>Willeasy <\/b>\u00e8 <b>oggi possibile avere informazioni dettagliate sull&#8217;accessibilit\u00e0 dei trasporti urbani.<\/b> In particolare, il sistema di metro di Lisbona \u00e8 uno dei mezzi di trasporto pi\u00f9 comodi ed economici per i turisti con disabilit\u00e0 per\u00f2 non \u00e8 fruibile da tutti.<\/p><p>Il sistema \u00e8 stato progettato per <b>essere accessibile a persone con disabilit\u00e0 motorie in quasi tutte le stazioni, con piattaforme rialzate per facilitare l&#8217;accesso ai treni e ascensori per raggiungere le stazioni. <\/b>Da segnalare che quasi tutte le stazioni hanno un distanza tra marciapiede e treno di circa 10 cm ed uno scalino di 10 senza possibilit\u00e0 di disporre di rampe per cui chi si muove con carrozzina manuale potrebbe necessitare dell&#8217;aiuto di un accompagnatore. Chi si muove con carrozzine elettriche potrebbe non essere in grado di superare tale dislivello.<\/p><div>Per quanto riguarda i percorsi a piedi lungo il fiume, il quartiere di Bel\u00e9m \u00e8 una delle aree pi\u00f9 accessibili per i visitatori con disabilit\u00e0.<\/div><div><p>La passeggiata lungo la riva del fiume Tago offre un&#8217;ottima vista sulla citt\u00e0 e molti ristoranti e negozi sono accessibili alle persone in carrozzina.<\/p><\/div><div><b>Willeasy sta lavorando per migliorare l&#8217;accessibilit\u00e0 per i visitatori con disabilit\u00e0, ma ci sono ancora alcune sfide da affrontare. <\/b>Tuttavia, con il sistema di mappature di metro, molti musei, percorsi, ristoranti e hotel, i visitatori con disabilit\u00e0 potranno godere di una visita indimenticabile in questa fantastica citt\u00e0.<\/div><\/div>\t\t\t\t\t\t<\/div>\n\t\t\t\t<\/div>\n\t\t\t\t<div class=\"elementor-element elementor-element-85f8d17 elementor-widget elementor-widget-read-more\" data-id=\"85f8d17\" data-element_type=\"widget\" data-widget_type=\"read-more.default\">\n\t\t\t\t<div class=\"elementor-widget-container\">\n\t\t\t<\/div><\/div><\/div><\/div><\/div><\/section><\/div> &hellip;<p class=\"ast-the-content-more-link\"> <a class=\"\" href=\"https:\/\/www.willeasy.net\/project\/progetto-lisbona\/visita-lisbona\/\"> <span class=\"screen-reader-text\">Visita Lisbona<\/span>Read More &raquo;<\/a><\/p>","protected":false},"excerpt":{"rendered":"<p>Lisbona tra storia e modernit\u00e0 Lisbona \u00e8 una citt\u00e0 affascinante, caratterizzata da una miscela unica di storia, cultura e modernit\u00e0. [&hellip;]<\/p>\n","protected":false},"author":4,"featured_media":16562,"parent":14369,"menu_order":0,"comment_status":"closed","ping_status":"closed","template":"","meta":{"site-sidebar-layout":"default","site-content-layout":"","ast-site-content-layout":"","site-content-style":"default","site-sidebar-style":"default","ast-global-header-display":"","ast-banner-title-visibility":"","ast-main-header-display":"","ast-hfb-above-header-display":"","ast-hfb-below-header-display":"","ast-hfb-mobile-header-display":"","site-post-title":"","ast-breadcrumbs-content":"","ast-featured-img":"","footer-sml-layout":"","theme-transparent-header-meta":"","adv-header-id-meta":"","stick-header-meta":"","header-above-stick-meta":"","header-main-stick-meta":"","header-below-stick-meta":"","astra-migrate-meta-layouts":"default","ast-page-background-enabled":"default","ast-page-background-meta":{"desktop":{"background-color":"var(--ast-global-color-4)","background-image":"","background-repeat":"repeat","background-position":"center center","background-size":"auto","background-attachment":"scroll","background-type":"","background-media":"","overlay-type":"","overlay-color":"","overlay-opacity":"","overlay-gradient":""},"tablet":{"background-color":"","background-image":"","background-repeat":"repeat","background-position":"center center","background-size":"auto","background-attachment":"scroll","background-type":"","background-media":"","overlay-type":"","overlay-color":"","overlay-opacity":"","overlay-gradient":""},"mobile":{"background-color":"","background-image":"","background-repeat":"repeat","background-position":"center center","background-size":"auto","background-attachment":"scroll","background-type":"","background-media":"","overlay-type":"","overlay-color":"","overlay-opacity":"","overlay-gradient":""}},"ast-content-background-meta":{"desktop":{"background-color":"var(--ast-global-color-5)","background-image":"","background-repeat":"repeat","background-position":"center center","background-size":"auto","background-attachment":"scroll","background-type":"","background-media":"","overlay-type":"","overlay-color":"","overlay-opacity":"","overlay-gradient":""},"tablet":{"background-color":"var(--ast-global-color-5)","background-image":"","background-repeat":"repeat","background-position":"center center","background-size":"auto","background-attachment":"scroll","background-type":"","background-media":"","overlay-type":"","overlay-color":"","overlay-opacity":"","overlay-gradient":""},"mobile":{"background-color":"var(--ast-global-color-5)","background-image":"","background-repeat":"repeat","background-position":"center center","background-size":"auto","background-attachment":"scroll","background-type":"","background-media":"","overlay-type":"","overlay-color":"","overlay-opacity":"","overlay-gradient":""}},"footnotes":""},"_links":{"self":[{"href":"https:\/\/www.willeasy.net\/project\/wp-json\/wp\/v2\/pages\/15825"}],"collection":[{"href":"https:\/\/www.willeasy.net\/project\/wp-json\/wp\/v2\/pages"}],"about":[{"href":"https:\/\/www.willeasy.net\/project\/wp-json\/wp\/v2\/types\/page"}],"author":[{"embeddable":true,"href":"https:\/\/www.willeasy.net\/project\/wp-json\/wp\/v2\/users\/4"}],"replies":[{"embeddable":true,"href":"https:\/\/www.willeasy.net\/project\/wp-json\/wp\/v2\/comments?post=15825"}],"version-history":[{"count":369,"href":"https:\/\/www.willeasy.net\/project\/wp-json\/wp\/v2\/pages\/15825\/revisions"}],"predecessor-version":[{"id":26308,"href":"https:\/\/www.willeasy.net\/project\/wp-json\/wp\/v2\/pages\/15825\/revisions\/26308"}],"up":[{"embeddable":true,"href":"https:\/\/www.willeasy.net\/project\/wp-json\/wp\/v2\/pages\/14369"}],"wp:featuredmedia":[{"embeddable":true,"href":"https:\/\/www.willeasy.net\/project\/wp-json\/wp\/v2\/media\/16562"}],"wp:attachment":[{"href":"https:\/\/www.willeasy.net\/project\/wp-json\/wp\/v2\/media?parent=15825"}],"curies":[{"name":"wp","href":"https:\/\/api.w.org\/{rel}","templated":true}]}}